{"id":32,"date":"2024-08-05T08:38:35","date_gmt":"2024-08-05T08:38:35","guid":{"rendered":"https:\/\/affinite.io\/cz\/?page_id=32"},"modified":"2024-10-02T11:44:44","modified_gmt":"2024-10-02T11:44:44","slug":"podpora-wordpress","status":"publish","type":"page","link":"https:\/\/affinite.io\/cs\/sluzby\/podpora-wordpress\/","title":{"rendered":"Podpora WordPress"},"content":{"rendered":"\n<section class=\"container banner-section\"><div class=\"container-inner banner-inner\"><h1><br>WordPress podpora<\/h1><div class=\"banner-content one-column\">\n<h3 class=\"wp-block-heading\"><a href=\"https:\/\/affinite.io\/cs\/\" data-type=\"page\" data-id=\"14\">Dom\u016f<\/a>&nbsp;\/ WordPress podpora<\/h3>\n<\/div><\/div><\/section>\n\n\n\n<section class=\"container section-container grey service-description\">\n<div class=\"container-inner two-columns\">\n<div class=\"\">\n<h2 class=\"wp-block-heading service-category-heading\">24\/7 WordPress Podpora<\/h2>\n\n\n\n<h2 class=\"wp-block-heading big-heading\">Vy\u0159e\u0161\u00edme va\u0161e probl\u00e9my!<\/h2>\n\n\n\n<ul class=\"style-list checked-list wp-block-list\">\n<li>Poskytujeme komplexn\u00ed podporu pro WordPress \u0161ablony a pluginy.<\/li>\n\n\n\n<li>N\u00e1\u0161 t\u00fdm rychle \u0159e\u0161\u00ed chyby a z\u00e1vady.<\/li>\n\n\n\n<li>Zvl\u00e1d\u00e1me bezprobl\u00e9mov\u00e9 migrace WordPressu.<\/li>\n\n\n\n<li>M\u016f\u017eete se spolehnout na pravideln\u00e9 aktualizace, aby v\u00e1\u0161 web fungoval bez probl\u00e9m\u016f.<\/li>\n<\/ul>\n\n\n\n<p class=\"cs-text\">A\u0165 u\u017e pot\u0159ebujete jednor\u00e1zovou pomoc, nebo nep\u0159etr\u017eitou technickou podporu, m\u00e1me pro v\u00e1s v\u0161e. Rozlu\u010dte se s bolestmi hlavy z WordPressu!<a class=\"arrow-link\" href=\"#pricing\">Zobrazit cenovou nab\u00eddku <img decoding=\"async\" style=\"width:20px; height: 20px;\" src=\"\/wp-content\/themes\/affinite-theme\/assets\/img\/icons\/next_.svg\" alt=\"\"><\/a><\/p>\n<\/div>\n\n\n\n<div class=\"service-pic\"><div class=\"wp-block-image\">\n<figure class=\"aligncenter size-full\"><img decoding=\"async\" src=\"https:\/\/affinite.io\/wp-content\/uploads\/2024\/07\/musilda-wordpress-help-and-support.webp\" alt=\"\" class=\"wp-image-698\"\/><\/figure>\n<\/div><\/div>\n<\/div>\n\n\n\n<div class=\"container-inner section-inner three-columns\">\n<div class=\"one-column\">\n<figure class=\"wp-block-image size-large is-resized is-style-default\"><img decoding=\"async\" src=\"https:\/\/affinite.io\/wp-content\/uploads\/2024\/07\/comments-regular.svg\" alt=\"\" class=\"wp-image-638\" style=\"object-fit:cover;width:50px;height:40px\"\/><\/figure>\n\n\n\n<h2 class=\"wp-block-heading has-text-align-left\">PODPORA \u0160ABLON A PLUGIN\u016e<\/h2>\n\n\n\n<p class=\"has-text-align-left cs-text\">Pom\u00e1h\u00e1me s instalac\u00ed, p\u0159izp\u016fsoben\u00edm a \u0159e\u0161en\u00edm probl\u00e9m\u016f s \u0161ablonami a pluginy. Zaji\u0161\u0165ujeme kompatibilitu a optim\u00e1ln\u00ed v\u00fdkon pro pln\u011b funk\u010dn\u00ed webov\u00e9 str\u00e1nky.<\/p>\n<\/div>\n\n\n\n<div class=\"one-column\">\n<figure class=\"wp-block-image size-large is-resized\"><img decoding=\"async\" src=\"https:\/\/affinite.io\/wp-content\/uploads\/2024\/07\/magnifying-glass-solid.svg\" alt=\"\" class=\"wp-image-436\" style=\"width:40px\"\/><\/figure>\n\n\n\n<h2 class=\"wp-block-heading has-text-align-left\"><strong>OPRAVA CHYB A PORUCH<\/strong><\/h2>\n\n\n\n<p class=\"has-text-align-left cs-text\">Rychle identifikujeme a oprav\u00edme chyby a nedostatky, \u010d\u00edm\u017e zabr\u00e1n\u00edme naru\u0161en\u00ed a zachov\u00e1me integritu va\u0161ich str\u00e1nek. Poskytujeme \u0159e\u0161en\u00ed, kter\u00e1 obnovuj\u00ed funk\u010dnost a zlep\u0161uj\u00ed u\u017eivatelsk\u00fd komfort.<\/p>\n<\/div>\n\n\n\n<div class=\"one-column\">\n<figure class=\"wp-block-image size-large is-resized\"><img decoding=\"async\" src=\"https:\/\/affinite.io\/wp-content\/uploads\/2024\/07\/laptop-code-solid.svg\" alt=\"\" class=\"wp-image-635\" style=\"object-fit:cover;width:50px;height:40px\"\/><\/figure>\n\n\n\n<h2 class=\"wp-block-heading has-text-align-left\"><strong>MIGRACE WORDPRESSU<\/strong><\/h2>\n\n\n\n<p class=\"has-text-align-left cs-text\">Zvl\u00e1dneme bezprobl\u00e9movou migraci na WordPress i z n\u011bj a zajist\u00edme hladk\u00fd p\u0159enos s minim\u00e1ln\u00edmi prostoji. N\u00e1\u0161 t\u00fdm zvl\u00e1dne v\u0161e od p\u0159enosu dat a\u017e po konfiguraci DNS.<\/p>\n<\/div>\n<\/div>\n<\/section>\n\n\n\n<section class=\"container grey\">\n<div class=\"container-inner section-heading\">\n<h2 class=\"wp-block-heading\" id=\"pricing\">Nejlep\u0161\u00ed ceny pro v\u00e1s<\/h2>\n<\/div>\n\n\n\n<div class=\"container-inner three-columns pricing\">\n<div class=\"pricing-item-wrap\">\n<div class=\"pricing-item dark-grey\">\n<div class=\"pricing-item-top\">\n<h2 class=\"wp-block-heading\">Jednor\u00e1zov\u011b<\/h2>\n\n\n\n<h3 class=\"wp-block-heading\"><span class=\"thin\">1 700 K\u010d<\/span><\/h3>\n<\/div>\n\n\n\n<div class=\"pricing-item-bottom one-column\">\n<ul class=\"style-list\">\n<li class=\"\">\n<p>Jednor\u00e1zov\u00e1 odborn\u00e1 podpora<\/p>\n<\/li>\n\n\n\n<li class=\"\">\n<p>Migrace WordPress webu<\/p>\n<\/li>\n\n\n\n<li class=\"\">\n<p>Oprava nefunk\u010dn\u00edho webu<\/p>\n<\/li>\n\n\n\n<li class=\"\">\n<p>\u0158e\u0161en\u00ed probl\u00e9m\u016f s b\u00edlou obrazovkou<\/p>\n<\/li>\n\n\n\n<li class=\"\">\n<p>Oprava kontaktn\u00edho formul\u00e1\u0159e<\/p>\n<\/li>\n\n\n\n<li class=\"\">\n<p>Oprava chyb p\u0159i placen\u00ed ve WooCommerce<\/p>\n<\/li>\n\n\n\n<li class=\"\">\n<p>P\u0159izp\u016fsoben\u00ed prvk\u016f \u0161ablony<\/p>\n<\/li>\n<\/ul>\n\n\n\n<a href=\"mailto:info@affinite.io\" class=\"\">Objednat<\/a>\n<\/div>\n<\/div>\n<\/div>\n\n\n\n<div class=\"pricing-item-wrap\">\n<div class=\"pricing-item dark-grey\">\n<div class=\"pricing-item-top\">\n<h2 class=\"wp-block-heading\">Standart<\/h2>\n\n\n\n<h3 class=\"wp-block-heading\"><span class=\"thin\">2 000 K\u010d<\/span> \/ m\u011bs\u00edc<\/h3>\n<\/div>\n\n\n\n<div class=\"pricing-item-bottom one-column\">\n<ul class=\"style-list\">\n<li class=\"\">\n<p>Pr\u016fb\u011b\u017en\u00e1 \u00fadr\u017eba WordPressu<\/p>\n<\/li>\n\n\n\n<li class=\"\">\n<p>Pravideln\u00e9 aktualizace plugin\u016f a motiv\u016f<\/p>\n<\/li>\n\n\n\n<li class=\"\">\n<p>Optimalizace rychlosti pro lep\u0161\u00ed v\u00fdkon<\/p>\n<\/li>\n\n\n\n<li class=\"\">\n<p>M\u011bs\u00ed\u010dn\u00ed z\u00e1lohy webu<\/p>\n<\/li>\n\n\n\n<li class=\"\">\n<p>Pravideln\u00e9 aktualizace obsahu<\/p>\n<\/li>\n\n\n\n<li class=\"\">\n<p>Podrobn\u00e1 anal\u00fdza v\u00fdkonu<\/p>\n<\/li>\n\n\n\n<li class=\"\">\n<p>24\/7 technick\u00e1 podpora<\/p>\n<\/li>\n<\/ul>\n\n\n\n<a href=\"mailto:info@affinite.io\" class=\"\">Objednat<\/a>\n<\/div>\n<\/div>\n<\/div>\n<\/div>\n\n\n\n<div style=\"height:50px\" aria-hidden=\"true\" class=\"wp-block-spacer\"><\/div>\n<\/section>\n\n\n\n<section class=\"container section-container grey\">\n<div class=\"container-inner\">\n<h2 class=\"wp-block-heading has-text-align-center big-heading\">Jak poskytujeme <mark style=\"background-color:rgba(0, 0, 0, 0);color:#ff5100\" class=\"has-inline-color\">podporu  WordPress str\u00e1nk\u00e1m<\/mark><\/h2>\n\n\n\n<div style=\"height:30px\" aria-hidden=\"true\" class=\"wp-block-spacer\"><\/div>\n<\/div>\n\n\n\n<div class=\"container-inner case-study cs-content\">\n<p class=\"has-text-align-center cs-text\">Za\u010dneme vytvo\u0159en\u00edm bezpe\u010dn\u00e9 kopie soubor\u016f a datab\u00e1ze va\u0161eho webu. S vyu\u017eit\u00edm na\u0161\u00ed komplexn\u00ed datab\u00e1ze \u0159e\u0161en\u00ed vytipujeme oblasti, kter\u00e9 vy\u017eaduj\u00ed pozornost. N\u00e1\u0161 t\u00fdm odborn\u00edk\u016f pak tyto probl\u00e9my \u0159e\u0161\u00ed, v\u010detn\u011b podpory \u0161ablon a plugin\u016f, oprav chyb \u010di poruch a bezprobl\u00e9mov\u00e9 migrace na i ze syst\u00e9mu WordPress. Zajist\u00edme tak\u00e9 bezpe\u010dnost va\u0161ich str\u00e1nek proveden\u00edm vy\u010di\u0161t\u011bn\u00ed od malwaru a zaveden\u00edm ochrann\u00fdch opat\u0159en\u00ed. Po vy\u0159e\u0161en\u00ed t\u011bchto probl\u00e9m\u016f m\u016f\u017eeme zajistit pravideln\u00e9 aktualizace, aby v\u00e1\u0161 web fungoval bez probl\u00e9m\u016f.<\/p>\n\n\n\n<div style=\"height:60px\" aria-hidden=\"true\" class=\"wp-block-spacer\"><\/div>\n<\/div>\n\n\n\n<div class=\"container-inner three-columns\">\n<div class=\"service-grid-item dark-grey\">\n<div class=\"service-top\"><div class=\"wp-block-image\">\n<figure class=\"aligncenter size-large is-resized\"><img decoding=\"async\" src=\"https:\/\/affinite.io\/wp-content\/uploads\/2024\/07\/envelope-open-text-solid-1.svg\" alt=\"\" class=\"wp-image-546\" style=\"object-fit:cover;width:80px;height:80px\"\/><\/figure>\n<\/div>\n\n\n<p class=\"service-number\">1<\/p>\n<\/div>\n\n\n\n<div class=\"order-bottom\">\n<h2 class=\"wp-block-heading has-text-align-left\">ZAD\u00c1N\u00cd OBJEDN\u00c1VKY<\/h2>\n\n\n\n<p class=\"has-text-align-left cs-text\">Kontaktujte n\u00e1s pomoc\u00ed rychl\u00e9ho a bezpe\u010dn\u00e9ho online&nbsp;<a href=\"https:\/\/affinite.io\/cs\/sluzby\/whitelisting\/#contact\"><mark style=\"background-color:rgba(0, 0, 0, 0);color:#ff5100\" class=\"has-inline-color\">kontaktn\u00edho formul\u00e1\u0159e<\/mark><\/a>.<\/p>\n<\/div>\n<\/div>\n\n\n\n<div class=\"service-grid-item dark-grey\">\n<div class=\"service-top\"><div class=\"wp-block-image\">\n<figure class=\"aligncenter size-large is-resized\"><img decoding=\"async\" src=\"https:\/\/affinite.io\/wp-content\/uploads\/2024\/07\/headset-solid-1.svg\" alt=\"\" class=\"wp-image-548\" style=\"object-fit:cover;width:80px;height:80px\"\/><\/figure>\n<\/div>\n\n\n<p class=\"service-number\">2<\/p>\n<\/div>\n\n\n\n<div class=\"order-bottom\">\n<h2 class=\"wp-block-heading has-text-align-left\">OKAM\u017dIT\u00c1 ODPOV\u011a\u010e<\/h2>\n\n\n\n<p class=\"cs-text\">Odpov\u011b\u010f od n\u00e1s o\u010dek\u00e1vejte do dvou minut. Pokud budeme pot\u0159ebovat dal\u0161\u00ed podrobnosti, ozveme se v\u00e1m.<\/p>\n<\/div>\n<\/div>\n\n\n\n<div class=\"service-grid-item dark-grey\">\n<div class=\"service-top\"><div class=\"wp-block-image\">\n<figure class=\"aligncenter size-large is-resized\"><img decoding=\"async\" src=\"https:\/\/affinite.io\/wp-content\/uploads\/2024\/07\/handshake-solid-1.svg\" alt=\"\" class=\"wp-image-549\" style=\"object-fit:cover;width:80px;height:80px\"\/><\/figure>\n<\/div>\n\n\n<p class=\"service-number\">3<\/p>\n<\/div>\n\n\n\n<div class=\"order-bottom\">\n<h2 class=\"wp-block-heading has-text-align-left\"><strong><strong>ZARU\u010cEN\u00c1 OPRAVA<\/strong><\/strong><\/h2>\n\n\n\n<p class=\"cs-text\">Pust\u00edme se do pr\u00e1ce na va\u0161ich webov\u00fdch str\u00e1nk\u00e1ch a budeme v\u00e1s informovat, jakmile bude v\u0161e hotovo.<\/p>\n<\/div>\n<\/div>\n<\/div>\n<\/section>\n\n\n\n<section class=\"container section-container\">\n<div class=\"container-inner\">\n<div class=\"outlined-heading\">\n<h2 class=\"wp-block-heading\">\u010casto kladen\u00e9 <br><span class=\"thin\">dotazy<\/span><\/h2>\n<\/div>\n\n\n\n<div class=\"accordion-wrap two-columns\">\n<div class=\"\">\n<button class=\"accordion\">S jak\u00fdmi druhy probl\u00e9m\u016f m\u016f\u017eete pomoci?<\/button>\n\n\n\n<div class=\"panel\">\n<p class=\"cs-small\">M\u016f\u017eeme v\u00e1m pomoci se \u0161irokou \u0161k\u00e1lou probl\u00e9m\u016f se syst\u00e9mem WordPress, v\u010detn\u011b v\u00fdkonnosti webu, zabezpe\u010den\u00ed, aktualizac\u00ed plgin\u016f a \u0161ablon, aktualizac\u00ed obsahu a \u0159e\u0161en\u00ed b\u011b\u017en\u00fdch poruch.<\/p>\n<\/div>\n\n\n\n<button class=\"accordion\">Nab\u00edz\u00edte trvalou \u00fadr\u017ebu m\u00e9ho webu?<\/button>\n\n\n\n<div class=\"panel\">\n<p class=\"cs-small\">Ano, nab\u00edz\u00edme m\u011bs\u00ed\u010dn\u00ed p\u0159edplatn\u00e9, kter\u00e9 zahrnuje pravidelnou \u00fadr\u017ebu, bezpe\u010dnostn\u00ed kontroly, aktualizace a z\u00e1lohov\u00e1n\u00ed, aby v\u00e1\u0161 web fungoval bez probl\u00e9m\u016f.<\/p>\n<\/div>\n\n\n\n<button class=\"accordion\">Kolik stoj\u00ed m\u011bs\u00ed\u010dn\u00ed p\u0159edplatn\u00e9?<\/button>\n\n\n\n<div class=\"panel\">\n<p class=\"cs-small\">Na\u0161e m\u011bs\u00ed\u010dn\u00ed p\u0159edplatn\u00e9 stoj\u00ed 99\u20ac m\u011bs\u00ed\u010dn\u011b a zahrnuje komplexn\u00ed \u00fadr\u017ebu, zabezpe\u010den\u00ed, aktualizace, z\u00e1lohov\u00e1n\u00ed, spr\u00e1vu obsahu, optimalizaci v\u00fdkonu a nep\u0159etr\u017eitou podporu.<\/p>\n<\/div>\n\n\n\n<button class=\"accordion\">Poskytujete \u0161kolen\u00ed o pou\u017e\u00edv\u00e1n\u00ed WordPressu?<\/button>\n\n\n\n<div class=\"panel\">\n<p class=\"cs-small\">Ano, v r\u00e1mci slu\u017eby jednor\u00e1zov\u00e9ho \u00fakonu nab\u00edz\u00edme z\u00e1kladn\u00ed \u0161kolen\u00ed a pokyny k pou\u017e\u00edv\u00e1n\u00ed WordPressu a na\u0161im m\u011bs\u00ed\u010dn\u00edm p\u0159edplatitel\u016fm poskytujeme tak\u00e9 pr\u016fb\u011b\u017enou podporu.<\/p>\n<\/div>\n<\/div>\n\n\n\n<div class=\"\">\n<button class=\"accordion\">Jak rychle mohu o\u010dek\u00e1vat odpov\u011b\u010f na svou \u017e\u00e1dost o podporu?<\/button>\n\n\n\n<div class=\"panel\">\n<p class=\"cs-small\">Na v\u0161echny \u017e\u00e1dosti o podporu se sna\u017e\u00edme reagovat do 24 hodin. Na\u0161im m\u011bs\u00ed\u010dn\u00edm p\u0159edplatitel\u016fm nab\u00edz\u00edme p\u0159ednostn\u00ed podporu s rychlej\u0161\u00ed odezvou.<\/p>\n<\/div>\n\n\n\n<button class=\"accordion\">Co je zahrnuto ve slu\u017eb\u011b jednor\u00e1zov\u00e9 podpory?<\/button>\n\n\n\n<div class=\"panel\">\n<p class=\"cs-small\">Na\u0161e jednor\u00e1zov\u00e1 slu\u017eba podpory zahrnuje pouze jednu opravu nebo \u00fakol, jako je migrace webu, oprava nefunk\u010dn\u00edho webu, vy\u0159e\u0161en\u00ed probl\u00e9m\u016f s b\u00edlou obrazovkou, oprava chyb kontaktn\u00edho formul\u00e1\u0159e a dal\u0161\u00ed.<\/p>\n<\/div>\n\n\n\n<button class=\"accordion\">M\u016f\u017eete pomoci s v\u00fdvojem WordPress \u0161ablony?<\/button>\n\n\n\n<div class=\"panel\">\n<p class=\"cs-small\">Ano, m\u016f\u017eeme v\u00e1m pomoci s \u00fapravou st\u00e1vaj\u00edc\u00ed \u0161ablony nebo s vytvo\u0159en\u00edm vlastn\u00ed podle va\u0161ich konkr\u00e9tn\u00edch po\u017eadavk\u016f.<\/p>\n<\/div>\n\n\n\n<button class=\"accordion\">Co se stane, kdy\u017e m\u016fj web spadne mimi provoz?<\/button>\n\n\n\n<div class=\"panel\">\n<p class=\"cs-small\">Na\u0161im m\u011bs\u00ed\u010dn\u00edm p\u0159edplatitel\u016fm poskytujeme nep\u0159etr\u017eitou technickou podporu, kter\u00e1 \u0159e\u0161\u00ed mimo\u0159\u00e1dn\u00e9 ud\u00e1losti a zaji\u0161\u0165uje co nejrychlej\u0161\u00ed zprovozn\u011bn\u00ed va\u0161ich str\u00e1nek.<\/p>\n<\/div>\n<\/div>\n<\/div>\n<\/div>\n<\/section>\n\n\n\n<section class=\"container  section-container grey\">\n<div class=\"container-inner\">\n<div class=\"outlined-heading\">\n<h2 class=\"wp-block-heading\" id=\"contact\">Kontaktujte <span class=\"thin\">n\u00e1s<\/span><\/h2>\n<\/div>\n<\/div>\n\n\n\n<div class=\"container-inner\">\n<div class=\"wpcf7 no-js\" id=\"wpcf7-f5-o1\" lang=\"cs-CZ\" dir=\"ltr\" data-wpcf7-id=\"5\">\n<div class=\"screen-reader-response\"><p role=\"status\" aria-live=\"polite\" aria-atomic=\"true\"><\/p> <ul><\/ul><\/div>\n<form action=\"\/cs\/wp-json\/wp\/v2\/pages\/32#wpcf7-f5-o1\" method=\"post\" class=\"wpcf7-form init\" aria-label=\"Kontaktn\u00ed formul\u00e1\u0159\" novalidate=\"novalidate\" data-status=\"init\">\n<fieldset class=\"hidden-fields-container\"><input type=\"hidden\" name=\"_wpcf7\" value=\"5\" \/><input type=\"hidden\" name=\"_wpcf7_version\" value=\"6.1.5\" \/><input type=\"hidden\" name=\"_wpcf7_locale\" value=\"cs_CZ\" \/><input type=\"hidden\" name=\"_wpcf7_unit_tag\" value=\"wpcf7-f5-o1\" \/><input type=\"hidden\" name=\"_wpcf7_container_post\" value=\"0\" \/><input type=\"hidden\" name=\"_wpcf7_posted_data_hash\" value=\"\" \/>\n<\/fieldset>\n<div class=\"wpcf7-turnstile cf-turnstile\" data-sitekey=\"0x4AAAAAAB8_aML7y4PP3F7s\" data-response-field-name=\"_wpcf7_turnstile_response\"><\/div>\n\n<div id=\"contact-form\">\n\t<p><span class=\"wpcf7-form-control-wrap\" data-name=\"your-name\"><input size=\"40\" maxlength=\"400\" class=\"wpcf7-form-control wpcf7-text wpcf7-validates-as-required\" aria-required=\"true\" aria-invalid=\"false\" placeholder=\"Jm\u00e9no a p\u0159\u00edjmen\u00ed\" value=\"\" type=\"text\" name=\"your-name\" \/><\/span><span class=\"wpcf7-form-control-wrap\" data-name=\"your-email\"><input size=\"40\" maxlength=\"400\" class=\"wpcf7-form-control wpcf7-email wpcf7-validates-as-required wpcf7-text wpcf7-validates-as-email\" aria-required=\"true\" aria-invalid=\"false\" placeholder=\"E-mail\" value=\"\" type=\"email\" name=\"your-email\" \/><\/span><span class=\"wpcf7-form-control-wrap\" data-name=\"your-message\"><textarea cols=\"40\" rows=\"10\" maxlength=\"2000\" class=\"wpcf7-form-control wpcf7-textarea wpcf7-validates-as-required\" aria-required=\"true\" aria-invalid=\"false\" placeholder=\"Napi\u0161te n\u00e1m Va\u0161e dotazy nebo o Va\u0161em projektu\" name=\"your-message\"><\/textarea><\/span><input class=\"wpcf7-form-control wpcf7-submit has-spinner button\" type=\"submit\" value=\"Odeslat\" \/>\n\t<\/p>\n<\/div><div class=\"wpcf7-response-output\" aria-hidden=\"true\"><\/div>\n<\/form>\n<\/div>\n\n<\/div>\n<\/section>\n","protected":false},"excerpt":{"rendered":"","protected":false},"author":1,"featured_media":0,"parent":16,"menu_order":0,"comment_status":"closed","ping_status":"closed","template":"","meta":{"_acf_changed":false,"_uag_custom_page_level_css":"","footnotes":""},"class_list":["post-32","page","type-page","status-publish","hentry"],"acf":[],"uagb_featured_image_src":{"full":false,"thumbnail":false,"medium":false,"medium_large":false,"large":false,"1536x1536":false,"2048x2048":false,"archive-list":false},"uagb_author_info":{"display_name":"Affinite","author_link":"https:\/\/affinite.io\/cs\/author\/affinite\/"},"uagb_comment_info":0,"uagb_excerpt":null,"_links":{"self":[{"href":"https:\/\/affinite.io\/cs\/wp-json\/wp\/v2\/pages\/32","targetHints":{"allow":["GET"]}}],"collection":[{"href":"https:\/\/affinite.io\/cs\/wp-json\/wp\/v2\/pages"}],"about":[{"href":"https:\/\/affinite.io\/cs\/wp-json\/wp\/v2\/types\/page"}],"author":[{"embeddable":true,"href":"https:\/\/affinite.io\/cs\/wp-json\/wp\/v2\/users\/1"}],"replies":[{"embeddable":true,"href":"https:\/\/affinite.io\/cs\/wp-json\/wp\/v2\/comments?post=32"}],"version-history":[{"count":12,"href":"https:\/\/affinite.io\/cs\/wp-json\/wp\/v2\/pages\/32\/revisions"}],"predecessor-version":[{"id":9887,"href":"https:\/\/affinite.io\/cs\/wp-json\/wp\/v2\/pages\/32\/revisions\/9887"}],"up":[{"embeddable":true,"href":"https:\/\/affinite.io\/cs\/wp-json\/wp\/v2\/pages\/16"}],"wp:attachment":[{"href":"https:\/\/affinite.io\/cs\/wp-json\/wp\/v2\/media?parent=32"}],"curies":[{"name":"wp","href":"https:\/\/api.w.org\/{rel}","templated":true}]}}