{"id":36,"date":"2024-08-05T08:40:37","date_gmt":"2024-08-05T08:40:37","guid":{"rendered":"https:\/\/affinite.io\/cz\/?page_id=36"},"modified":"2024-10-02T11:42:17","modified_gmt":"2024-10-02T11:42:17","slug":"webove-stranky-wordpress","status":"publish","type":"page","link":"https:\/\/affinite.io\/cs\/sluzby\/webove-stranky-wordpress\/","title":{"rendered":"Webov\u00e9 str\u00e1nky WordPress"},"content":{"rendered":"\n<section class=\"container banner-section\"><div class=\"container-inner banner-inner\"><h1><br>Webov\u00e9 str\u00e1nky WordPress<\/h1><div class=\"banner-content one-column\">\n<h3 class=\"wp-block-heading\"><a href=\"https:\/\/affinite.io\/cs\/\" data-type=\"page\" data-id=\"14\">Dom\u016f<\/a>&nbsp;\/ Webov\u00e9 str\u00e1nky WordPress<\/h3>\n<\/div><\/div><\/section>\n\n\n\n<section class=\"container section-container grey service-description\">\n<div class=\"container-inner two-columns\">\n<div class=\"\">\n<h2 class=\"wp-block-heading service-category-heading\">tvorba webov\u00fdch str\u00e1nek na wordpressu<\/h2>\n\n\n\n<h2 class=\"wp-block-heading big-heading\">postav\u00edme pro v\u00e1s vysn\u011bn\u00fd web. za\u010dneme je\u0161t\u011b dnes!<\/h2>\n\n\n\n<ul class=\"style-list checked-list wp-block-list\">\n<li>S v\u00fdvojem webov\u00fdch str\u00e1nek na WordPressu m\u00e1me v\u00edce ne\u017e 10 let zku\u0161enost\u00ed. \u010clenov\u00e9 na\u0161eho t\u00fdmu jsou odborn\u00edci, kte\u0159\u00ed pro v\u00e1s od z\u00e1klad\u016f vytvo\u0159\u00ed ide\u00e1ln\u00ed web.<\/li>\n\n\n\n<li>Zajist\u00edme pro v\u00e1s responzivn\u00ed a u\u017eivatelsky p\u0159\u00edv\u011btiv\u00fd design na m\u00edru va\u0161im konkr\u00e9tn\u00edm pot\u0159eb\u00e1m a preferenc\u00edm.<\/li>\n\n\n\n<li>Webov\u00e9 str\u00e1nky stav\u00edme s ohledem na \u0161pi\u010dkovou optimalizaci pro vyhled\u00e1va\u010de (SEO) a v\u00fdjime\u010dn\u00fd u\u017eivatelsk\u00fd z\u00e1\u017eitek.<\/li>\n\n\n\n<li>Z\u00e1kl\u00e1d\u00e1me si na vysok\u00e9 \u00farovni zabezpe\u010den\u00ed a \u0161k\u00e1lovatelnost\u00ed pro budouc\u00ed r\u016fst.<\/li>\n<\/ul>\n\n\n\n<p class=\"cs-text\">D\u00edky na\u0161im slu\u017eb\u00e1m v oblasti tvorby webov\u00fdch str\u00e1nek na WordPressu z\u00edsk\u00e1te profesion\u00e1ln\u00ed a poutavou prezentaci, kter\u00e1 pom\u016f\u017ee va\u0161emu byznysu r\u016fst.<\/p>\n\n\n\n<p class=\"cs-text\"><a class=\"arrow-link\" href=\"#pricing\">ZOBRAZIT CEN\u00cdK<img decoding=\"async\" style=\"width:20px; height: 20px;\" src=\"\/wp-content\/themes\/affinite-theme\/assets\/img\/icons\/next_.svg\" alt=\"\"><\/a><\/p>\n<\/div>\n\n\n\n<div class=\"service-pic\"><div class=\"wp-block-image\">\n<figure class=\"aligncenter size-full\"><img decoding=\"async\" src=\"https:\/\/affinite.io\/wp-content\/uploads\/2024\/07\/musilda-wordpress-website-building-service.webp\" alt=\"\" class=\"wp-image-633\"\/><\/figure>\n<\/div><\/div>\n<\/div>\n\n\n\n<div class=\"container-inner section-inner three-columns\">\n<div class=\"one-column\">\n<figure class=\"wp-block-image size-large is-resized\"><img decoding=\"async\" src=\"https:\/\/affinite.io\/wp-content\/uploads\/2024\/07\/comments-regular.svg\" alt=\"\" class=\"wp-image-638\" style=\"object-fit:cover;width:50px;height:40px\"\/><\/figure>\n\n\n\n<h2 class=\"wp-block-heading has-text-align-left\">\u00favodn\u00ed konzultace<\/h2>\n\n\n\n<p class=\"has-text-align-left cs-text\">P\u0159i spole\u010dn\u00e9 \u00favodn\u00ed konzultaci zjist\u00edme va\u0161e konkr\u00e9tn\u00ed pot\u0159eby, preference a c\u00edle. Probereme s v\u00e1mi va\u0161i vizi a poskytneme v\u00e1m doporu\u010den\u00ed na m\u00edru, abychom vytvo\u0159ili web, kter\u00fd bude v souladu s va\u0161\u00ed zna\u010dkou a c\u00edli.<\/p>\n<\/div>\n\n\n\n<div class=\"one-column\">\n<figure class=\"wp-block-image size-large is-resized\"><img decoding=\"async\" src=\"https:\/\/affinite.io\/wp-content\/uploads\/2024\/07\/laptop-code-solid.svg\" alt=\"\" class=\"wp-image-635\" style=\"object-fit:cover;width:50px;height:40px\"\/><\/figure>\n\n\n\n<h2 class=\"wp-block-heading has-text-align-left\"><strong>V\u00fdvoj a konfigurace<\/strong><\/h2>\n\n\n\n<p class=\"cs-text\">N\u00e1\u0161 t\u00fdm pot\u00e9 vytvo\u0159\u00ed a nakonfiguruje prototyp str\u00e1nek pomoc\u00ed nejnov\u011bj\u0161\u00edch technologi\u00ed a osv\u011bd\u010den\u00fdch postup\u016f WordPressu. Zam\u011b\u0159ujeme se na vytvo\u0159en\u00ed funk\u010dn\u00edho a p\u0159ehledn\u00e9ho webu, kter\u00fd spln\u00ed v\u0161echny va\u0161e po\u017eadavky.<\/p>\n<\/div>\n\n\n\n<div class=\"one-column\">\n<figure class=\"wp-block-image size-large is-resized\"><img decoding=\"async\" src=\"https:\/\/affinite.io\/wp-content\/uploads\/2024\/07\/chart-line-solid.svg\" alt=\"\" class=\"wp-image-590\" style=\"width:40px\"\/><\/figure>\n\n\n\n<h2 class=\"wp-block-heading has-text-align-left\"><strong>spu\u0161t\u011bn\u00ed a podpora<\/strong><\/h2>\n\n\n\n<p class=\"cs-text\">Zajist\u00edme cel\u00fd proces spu\u0161t\u011bn\u00ed nov\u00e9ho webu a hladk\u00fd p\u0159echod na nov\u00e9 webov\u00e9 str\u00e1nky. Na\u0161e pr\u016fb\u011b\u017en\u00e1 podpora zahrnuje pravideln\u00e9 aktualizace, sledov\u00e1n\u00ed v\u00fdkonu a bezpe\u010dnostn\u00ed kontroly, aby v\u00e1\u0161 web fungoval hladce a efektivn\u011b.<\/p>\n<\/div>\n<\/div>\n<\/section>\n\n\n\n<section class=\"container grey\">\n<div class=\"container-inner section-heading\">\n<h2 class=\"wp-block-heading\" id=\"pricing\">Nejlep\u0161\u00ed ceny pro v\u00e1s<\/h2>\n<\/div>\n\n\n\n<div class=\"container-inner three-columns pricing\">\n<div class=\"pricing-item-wrap\">\n<div class=\"pricing-item dark-grey\">\n<div class=\"pricing-item-top\">\n<h2 class=\"wp-block-heading\">Basic<\/h2>\n\n\n\n<h3 class=\"wp-block-heading\"><span class=\"thin\">9000 K\u010d<\/span><\/h3>\n<\/div>\n\n\n\n<div class=\"pricing-item-bottom one-column\">\n<ul class=\"style-list\">\n<li class=\"\">\n<p>Instalace a nastaven\u00ed WordPressu<\/p>\n<\/li>\n\n\n\n<li class=\"\">\n<p>V\u00fdb\u011br a instalace bezplatn\u00e9ho motivu<\/p>\n<\/li>\n\n\n\n<li class=\"\">\n<p>Responzivn\u00ed design pro mobil a tablet<\/p>\n<\/li>\n\n\n\n<li class=\"\">\n<p>Z\u00e1kladn\u00ed nastaven\u00ed SEO<\/p>\n<\/li>\n\n\n\n<li class=\"\">\n<p>Integrace kontaktn\u00edho formul\u00e1\u0159e<\/p>\n<\/li>\n\n\n\n<li class=\"\">\n<p>Integrace soci\u00e1ln\u00edch m\u00e9di\u00ed<\/p>\n<\/li>\n\n\n\n<li class=\"\">\n<p>Standardn\u00ed nastaven\u00ed zabezpe\u010den\u00ed<\/p>\n<\/li>\n\n\n\n<li class=\"\">\n<p>1 m\u011bs\u00edc podpory po spu\u0161t\u011bn\u00ed<\/p>\n<\/li>\n\n\n\n<li class=\"\">\n<p>Po\u010d\u00e1te\u010dn\u00ed nahr\u00e1n\u00ed obsahu (obsah poskytne klient)<\/p>\n<\/li>\n<\/ul>\n\n\n\n<a href=\"mailto:info@affinite.io\" class=\"\">Objednat<\/a>\n<\/div>\n<\/div>\n<\/div>\n\n\n\n<div class=\"pricing-item-wrap\">\n<div class=\"pricing-item dark-grey\">\n<div class=\"pricing-item-top\">\n<h2 class=\"wp-block-heading\">Business<\/h2>\n\n\n\n<h3 class=\"wp-block-heading\"><span class=\"thin\">20 000 K\u010d<\/span><\/h3>\n<\/div>\n\n\n\n<div class=\"pricing-item-bottom one-column\">\n<ul class=\"style-list\">\n<li class=\"\">\n<p>Obsahuje v\u0161e, co je sou\u010d\u00e1st\u00ed Z\u00c1KLADN\u00cdHO BAL\u00cd\u010cKU<\/p>\n<\/li>\n\n\n\n<li class=\"\">\n<p>Konfigurace a\u017e 10 str\u00e1nek<\/p>\n<\/li>\n\n\n\n<li class=\"\">\n<p>Pokro\u010dil\u00e9 nastaven\u00ed SEO<\/p>\n<\/li>\n\n\n\n<li class=\"\">\n<p>Integrace elektronick\u00e9ho obchodu a\u017e s 10 produkty<\/p>\n<\/li>\n\n\n\n<li class=\"\">\n<p>Nastaven\u00ed a konfigurace blogu<\/p>\n<\/li>\n\n\n\n<li class=\"\">\n<p>Vlastn\u00ed n\u00e1vrh \u0161ablony e-mailu<\/p>\n<\/li>\n\n\n\n<li class=\"\">\n<p>Vylep\u0161en\u00e9 bezpe\u010dnostn\u00ed funkce<\/p>\n<\/li>\n\n\n\n<li class=\"\">\n<p>3 m\u011bs\u00edce podpory po spu\u0161t\u011bn\u00ed<\/p>\n<\/li>\n\n\n\n<li class=\"\">\n<p>Konfigurace vlastn\u00ed grafiky a sn\u00edmk\u016f<\/p>\n<\/li>\n<\/ul>\n\n\n\n<a href=\"mailto:info@affinite.io\" class=\"\">Objednat<\/a>\n<\/div>\n<\/div>\n<\/div>\n\n\n\n<div class=\"pricing-item-wrap\">\n<div class=\"pricing-item dark-grey\">\n<div class=\"pricing-item-top\">\n<h2 class=\"wp-block-heading\">Enterprise<\/h2>\n\n\n\n<h3 class=\"wp-block-heading\"><span class=\"thin\"><span class=\"thin\">Individu\u00e1ln\u00ed<\/span><\/span><\/h3>\n<\/div>\n\n\n\n<div class=\"pricing-item-bottom one-column\">\n<ul class=\"style-list\">\n<li class=\"\">\n<p>Zahrnuje v\u0161e, co je sou\u010d\u00e1st\u00ed BUSINESS BAL\u00cd\u010cKU<\/p>\n<\/li>\n\n\n\n<li class=\"\">\n<p>Neomezen\u011b str\u00e1nek a vlastn\u00ed typy p\u0159\u00edsp\u011bvk\u016f<\/p>\n<\/li>\n\n\n\n<li class=\"\">\n<p>Pokro\u010dil\u00e1 integrace elektronick\u00e9ho obchodu s neomezen\u00fdm po\u010dtem produkt\u016f<\/p>\n<\/li>\n\n\n\n<li class=\"\">\n<p>Funkce \u010dlenstv\u00ed (membership)<\/p>\n<\/li>\n\n\n\n<li class=\"\">\n<p>Nastaven\u00ed v\u00edcejazy\u010dn\u00e9ho webu<\/p>\n<\/li>\n\n\n\n<li class=\"\">\n<p>V\u00fdvoj vlastn\u00edch plugin\u016f<\/p>\n<\/li>\n\n\n\n<li class=\"\">\n<p>Pokro\u010dil\u00e1 analytika a reporting<\/p>\n<\/li>\n\n\n\n<li class=\"\">\n<p>6 m\u011bs\u00edc\u016f podpory po spu\u0161t\u011bn\u00ed<\/p>\n<\/li>\n\n\n\n<li class=\"\">\n<p>Individu\u00e1ln\u00ed kurzy<\/p>\n<\/li>\n<\/ul>\n\n\n\n<a href=\"mailto:info@affinite.io\" class=\"\">Kontaktujte n\u00e1s<\/a>\n<\/div>\n<\/div>\n<\/div>\n<\/div>\n\n\n\n<div style=\"height:50px\" aria-hidden=\"true\" class=\"wp-block-spacer\"><\/div>\n<\/section>\n\n\n\n<section class=\"container section-container grey\">\n<div class=\"container-inner\">\n<h2 class=\"wp-block-heading has-text-align-center big-heading\">Jak <mark style=\"background-color:rgba(0, 0, 0, 0);color:#ff5100\" class=\"has-inline-color\">Vytv\u00e1\u0159\u00edme webov\u00e9 str\u00e1nky<\/mark><\/h2>\n\n\n\n<div style=\"height:30px\" aria-hidden=\"true\" class=\"wp-block-spacer\"><\/div>\n<\/div>\n\n\n\n<div class=\"container-inner case-study cs-content\">\n<p class=\"has-text-align-center cs-text\">Za\u010d\u00edn\u00e1me d\u016fkladn\u00fdm pozn\u00e1n\u00edm identity va\u0161\u00ed firmy a jej\u00edch jedine\u010dn\u00fdch pot\u0159eb. Po \u00favodn\u00ed konzultaci za\u010dn\u011b n\u00e1\u0161 t\u00fdm v\u00fdvoj\u00e1\u0159\u016f vytv\u00e1\u0159et prototyp str\u00e1nek pomoc\u00ed \u010dist\u00e9ho a efektivn\u00edho k\u00f3du. Integrujeme z\u00e1kladn\u00ed funkce, jako jsou kontaktn\u00ed formul\u00e1\u0159e, funkce Ecommerce a n\u00e1stroje SEO. Po d\u016fkladn\u00e9m testov\u00e1n\u00ed spust\u00edme v\u00e1\u0161 web a poskytneme \u0161kolen\u00ed o spr\u00e1v\u011b a aktualizaci obsahu.<\/p>\n\n\n\n<div style=\"height:60px\" aria-hidden=\"true\" class=\"wp-block-spacer\"><\/div>\n<\/div>\n\n\n\n<div class=\"container-inner three-columns\">\n<div class=\"service-grid-item dark-grey\">\n<div class=\"service-top\"><div class=\"wp-block-image\">\n<figure class=\"aligncenter size-large is-resized\"><img decoding=\"async\" src=\"https:\/\/affinite.io\/wp-content\/uploads\/2024\/07\/envelope-open-text-solid-1.svg\" alt=\"\" class=\"wp-image-546\" style=\"object-fit:cover;width:80px;height:80px\"\/><\/figure>\n<\/div>\n\n\n<p class=\"service-number\">1<\/p>\n<\/div>\n\n\n\n<div class=\"order-bottom\">\n<h2 class=\"wp-block-heading has-text-align-left\">ZAD\u00c1N\u00cd OBJEDN\u00c1VKY<\/h2>\n\n\n\n<p class=\"has-text-align-left cs-text\">Kontaktujte n\u00e1s pomoc\u00ed rychl\u00e9ho a bezpe\u010dn\u00e9ho online<a href=\"#contact\"><mark style=\"background-color:rgba(0, 0, 0, 0);color:#ff5100\" class=\"has-inline-color\"> kontaktn\u00edho formul\u00e1\u0159e<\/mark><\/a>.<br><\/p>\n<\/div>\n<\/div>\n\n\n\n<div class=\"service-grid-item dark-grey\">\n<div class=\"service-top\"><div class=\"wp-block-image\">\n<figure class=\"aligncenter size-large is-resized\"><img decoding=\"async\" src=\"https:\/\/affinite.io\/wp-content\/uploads\/2024\/07\/headset-solid-1.svg\" alt=\"\" class=\"wp-image-548\" style=\"object-fit:cover;width:80px;height:80px\"\/><\/figure>\n<\/div>\n\n\n<p class=\"service-number\">2<\/p>\n<\/div>\n\n\n\n<div class=\"order-bottom\">\n<h2 class=\"wp-block-heading has-text-align-left\">OKAM\u017dIT\u00c1 ODPOV\u011a\u010e<\/h2>\n\n\n\n<p class=\"cs-text\">Odpov\u011b\u010f od n\u00e1s o\u010dek\u00e1vejte do dvou minut. Pokud budeme pot\u0159ebovat dal\u0161\u00ed podrobnosti, ozveme se v\u00e1m.<\/p>\n<\/div>\n<\/div>\n\n\n\n<div class=\"service-grid-item dark-grey\">\n<div class=\"service-top\"><div class=\"wp-block-image\">\n<figure class=\"aligncenter size-large is-resized\"><img decoding=\"async\" src=\"https:\/\/affinite.io\/wp-content\/uploads\/2024\/07\/handshake-solid-1.svg\" alt=\"\" class=\"wp-image-549\" style=\"object-fit:cover;width:80px;height:80px\"\/><\/figure>\n<\/div>\n\n\n<p class=\"service-number\">3<\/p>\n<\/div>\n\n\n\n<div class=\"order-bottom\">\n<h2 class=\"wp-block-heading has-text-align-left\"><strong>GARANTOVAN\u00c1 SPOKOJENOST<\/strong><\/h2>\n\n\n\n<p class=\"cs-text\">Za\u010dneme vytv\u00e1\u0159et prototyp nov\u00fdch webov\u00fdch str\u00e1nek a o pr\u016fb\u011bhu cel\u00e9ho procesu v\u00e1s budeme informovat. Z\u016fstaneme s v\u00e1mi ve spojen\u00ed, dokud nebudou va\u0161e str\u00e1nky v provozu a vy nebudete zcela spokojeni.<\/p>\n<\/div>\n<\/div>\n<\/div>\n<\/section>\n\n\n\n<section class=\"container section-container\">\n<div class=\"container-inner\">\n<div class=\"outlined-heading\">\n<h2 class=\"wp-block-heading\">\u010casto kladen\u00e9 <br><span class=\"thin\">Dotazy<\/span><\/h2>\n<\/div>\n\n\n\n<div class=\"accordion-wrap two-columns\">\n<div class=\"\">\n<button class=\"accordion\">Kolik stoj\u00ed vytvo\u0159en\u00ed nov\u00fdch webov\u00fdch str\u00e1nek?<\/button>\n\n\n\n<div class=\"panel\">\n<p class=\"cs-small\">N\u00e1klady na vytvo\u0159en\u00ed webov\u00fdch str\u00e1nek se li\u0161\u00ed v z\u00e1vislosti na zvolen\u00e9m bal\u00ed\u010dku. N\u00e1\u0161 bal\u00ed\u010dek BASIC za\u010d\u00edn\u00e1 na 395\u20ac, bal\u00ed\u010dek STANDARD stoj\u00ed 895\u20ac a n\u00e1\u0161 bal\u00ed\u010dek ENTERPRISE je nacen\u011bn na z\u00e1klad\u011b konkr\u00e9tn\u00edch pot\u0159eb a po\u017eadavk\u016f.<\/p>\n<\/div>\n\n\n\n<button class=\"accordion\">M\u016f\u017eete integrovat m\u016fj e-shop se syst\u00e9my t\u0159et\u00edch stran?<\/button>\n\n\n\n<div class=\"panel\">\n<p class=\"cs-small\">Ano, to rozhodn\u011b m\u016f\u017eeme. Zefektivn\u00e1me t\u00edm va\u0161e obchodn\u00ed operace a zv\u00fd\u0161\u00edme celkovou efektivitu.<\/p>\n<\/div>\n\n\n\n<button class=\"accordion\">Co zahrnuj\u00ed va\u0161e bal\u00ed\u010dky slu\u017eeb a \u00fadr\u017eby?<\/button>\n\n\n\n<div class=\"panel\">\n<p class=\"cs-small\">Na\u0161e bal\u00ed\u010dky slu\u017eeb a \u00fadr\u017eby zahrnuj\u00ed pravideln\u00e9 aktualizace, monitorov\u00e1n\u00ed zabezpe\u010den\u00ed webu, optimalizaci v\u00fdkonu a v\u00fdvoj nov\u00fdch funkc\u00ed podle pot\u0159eby, aby va\u0161e webov\u00e9 str\u00e1nky fungovaly bez probl\u00e9m\u016f.<\/p>\n<\/div>\n\n\n\n<button class=\"accordion\">Jak zaji\u0161\u0165ujete bezpe\u010dnost webov\u00fdch str\u00e1nek?<\/button>\n\n\n\n<div class=\"panel\">\n<p class=\"cs-small\">Implementujeme standardn\u00ed nastaven\u00ed zabezpe\u010den\u00ed, v\u010detn\u011b pravideln\u00fdch aktualizac\u00ed, monitorov\u00e1n\u00ed zranitelnost\u00ed a pou\u017e\u00edv\u00e1n\u00ed postup\u016f bezpe\u010dn\u00e9ho k\u00f3dov\u00e1n\u00ed, abychom ochr\u00e1nili va\u0161e webov\u00e9 str\u00e1nky p\u0159ed potenci\u00e1ln\u00edmi hrozbami.<\/p>\n<\/div>\n<\/div>\n\n\n\n<div class=\"\">\n<button class=\"accordion\">M\u016f\u017eete pro m\u016fj web vytvo\u0159it i vlastn\u00ed Gutenberg bloky?<\/button>\n\n\n\n<div class=\"panel\">\n<p class=\"cs-small\">Ano, specializujeme se i na vytv\u00e1\u0159en\u00ed Gutenberg blok\u016f, kter\u00e9 roz\u0161i\u0159uj\u00ed funk\u010dnost webu. To n\u00e1m umo\u017e\u0148uje poskytovat personalizovan\u011bj\u0161\u00ed a funk\u010dn\u011b bohat\u0161\u00ed prost\u0159ed\u00ed p\u0159izp\u016fsoben\u00e9 va\u0161im po\u017eadavk\u016fm.<\/p>\n<\/div>\n\n\n\n<button class=\"accordion\">Nab\u00edz\u00edte v\u00fdvoj plugin\u016f pro WooCommerce e-shopy?<\/button>\n\n\n\n<div class=\"panel\">\n<p class=\"cs-small\">Ano, pro obchody WooCommerce vyv\u00edj\u00edme vlastn\u00ed pluginy, kter\u00e9 roz\u0161i\u0159uj\u00ed jejich funk\u010dnost a integruj\u00ed obchod s dal\u0161\u00edmi syst\u00e9my. Pom\u00e1h\u00e1me t\u00edm zajistit bezprobl\u00e9mov\u00fd chod a zvy\u0161ujeme efektivitu va\u0161eho e-shopu.<\/p>\n<\/div>\n\n\n\n<button class=\"accordion\">Jak\u00e9 slu\u017eby \u00fadr\u017eby nab\u00edz\u00edte pro st\u00e1vaj\u00edc\u00ed webov\u00e9 str\u00e1nky?<\/button>\n\n\n\n<div class=\"panel\">\n<p class=\"cs-small\">Nab\u00edz\u00edme komplexn\u00ed slu\u017eby \u00fadr\u017eby v\u010detn\u011b v\u00fdvoje nov\u00fdch funkc\u00ed, \u00faprav st\u00e1vaj\u00edc\u00edch funkc\u00ed a zaji\u0161t\u011bn\u00ed toho, aby va\u0161e webov\u00e9 str\u00e1nky nebo e-shop z\u016fstaly dynamick\u00e9 a efektivn\u00ed.<\/p>\n<\/div>\n<\/div>\n<\/div>\n<\/div>\n<\/section>\n\n\n\n<section class=\"container  section-container grey\">\n<div class=\"container-inner\">\n<div class=\"outlined-heading\">\n<h2 class=\"wp-block-heading\" id=\"contact\">Kontaktujte<span class=\"thin\"> N\u00e1s<\/span><\/h2>\n<\/div>\n<\/div>\n\n\n\n<div class=\"container-inner\">\n<div class=\"wpcf7 no-js\" id=\"wpcf7-f5-o1\" lang=\"cs-CZ\" dir=\"ltr\" data-wpcf7-id=\"5\">\n<div class=\"screen-reader-response\"><p role=\"status\" aria-live=\"polite\" aria-atomic=\"true\"><\/p> <ul><\/ul><\/div>\n<form action=\"\/cs\/wp-json\/wp\/v2\/pages\/36#wpcf7-f5-o1\" method=\"post\" class=\"wpcf7-form init\" aria-label=\"Kontaktn\u00ed formul\u00e1\u0159\" novalidate=\"novalidate\" data-status=\"init\">\n<fieldset class=\"hidden-fields-container\"><input type=\"hidden\" name=\"_wpcf7\" value=\"5\" \/><input type=\"hidden\" name=\"_wpcf7_version\" value=\"6.1.5\" \/><input type=\"hidden\" name=\"_wpcf7_locale\" value=\"cs_CZ\" \/><input type=\"hidden\" name=\"_wpcf7_unit_tag\" value=\"wpcf7-f5-o1\" \/><input type=\"hidden\" name=\"_wpcf7_container_post\" value=\"0\" \/><input type=\"hidden\" name=\"_wpcf7_posted_data_hash\" value=\"\" \/>\n<\/fieldset>\n<div class=\"wpcf7-turnstile cf-turnstile\" data-sitekey=\"0x4AAAAAAB8_aML7y4PP3F7s\" data-response-field-name=\"_wpcf7_turnstile_response\"><\/div>\n\n<div id=\"contact-form\">\n\t<p><span class=\"wpcf7-form-control-wrap\" data-name=\"your-name\"><input size=\"40\" maxlength=\"400\" class=\"wpcf7-form-control wpcf7-text wpcf7-validates-as-required\" aria-required=\"true\" aria-invalid=\"false\" placeholder=\"Jm\u00e9no a p\u0159\u00edjmen\u00ed\" value=\"\" type=\"text\" name=\"your-name\" \/><\/span><span class=\"wpcf7-form-control-wrap\" data-name=\"your-email\"><input size=\"40\" maxlength=\"400\" class=\"wpcf7-form-control wpcf7-email wpcf7-validates-as-required wpcf7-text wpcf7-validates-as-email\" aria-required=\"true\" aria-invalid=\"false\" placeholder=\"E-mail\" value=\"\" type=\"email\" name=\"your-email\" \/><\/span><span class=\"wpcf7-form-control-wrap\" data-name=\"your-message\"><textarea cols=\"40\" rows=\"10\" maxlength=\"2000\" class=\"wpcf7-form-control wpcf7-textarea wpcf7-validates-as-required\" aria-required=\"true\" aria-invalid=\"false\" placeholder=\"Napi\u0161te n\u00e1m Va\u0161e dotazy nebo o Va\u0161em projektu\" name=\"your-message\"><\/textarea><\/span><input class=\"wpcf7-form-control wpcf7-submit has-spinner button\" type=\"submit\" value=\"Odeslat\" \/>\n\t<\/p>\n<\/div><div class=\"wpcf7-response-output\" aria-hidden=\"true\"><\/div>\n<\/form>\n<\/div>\n\n<\/div>\n<\/section>\n","protected":false},"excerpt":{"rendered":"","protected":false},"author":1,"featured_media":0,"parent":16,"menu_order":0,"comment_status":"closed","ping_status":"closed","template":"","meta":{"_acf_changed":false,"_uag_custom_page_level_css":"","footnotes":""},"class_list":["post-36","page","type-page","status-publish","hentry"],"acf":[],"uagb_featured_image_src":{"full":false,"thumbnail":false,"medium":false,"medium_large":false,"large":false,"1536x1536":false,"2048x2048":false,"archive-list":false},"uagb_author_info":{"display_name":"Affinite","author_link":"https:\/\/affinite.io\/cs\/author\/affinite\/"},"uagb_comment_info":0,"uagb_excerpt":null,"_links":{"self":[{"href":"https:\/\/affinite.io\/cs\/wp-json\/wp\/v2\/pages\/36","targetHints":{"allow":["GET"]}}],"collection":[{"href":"https:\/\/affinite.io\/cs\/wp-json\/wp\/v2\/pages"}],"about":[{"href":"https:\/\/affinite.io\/cs\/wp-json\/wp\/v2\/types\/page"}],"author":[{"embeddable":true,"href":"https:\/\/affinite.io\/cs\/wp-json\/wp\/v2\/users\/1"}],"replies":[{"embeddable":true,"href":"https:\/\/affinite.io\/cs\/wp-json\/wp\/v2\/comments?post=36"}],"version-history":[{"count":15,"href":"https:\/\/affinite.io\/cs\/wp-json\/wp\/v2\/pages\/36\/revisions"}],"predecessor-version":[{"id":9885,"href":"https:\/\/affinite.io\/cs\/wp-json\/wp\/v2\/pages\/36\/revisions\/9885"}],"up":[{"embeddable":true,"href":"https:\/\/affinite.io\/cs\/wp-json\/wp\/v2\/pages\/16"}],"wp:attachment":[{"href":"https:\/\/affinite.io\/cs\/wp-json\/wp\/v2\/media?parent=36"}],"curies":[{"name":"wp","href":"https:\/\/api.w.org\/{rel}","templated":true}]}}